{"id":188,"date":"2025-07-11T16:46:19","date_gmt":"2025-07-11T14:46:19","guid":{"rendered":"https:\/\/www.klvenergy.at\/?page_id=188"},"modified":"2025-07-16T14:10:06","modified_gmt":"2025-07-16T12:10:06","slug":"kontakt","status":"publish","type":"page","link":"https:\/\/www.klvenergy.at\/index.php\/kontakt\/","title":{"rendered":"Kontakt"},"content":{"rendered":"\t\t<div data-elementor-type=\"wp-page\" data-elementor-id=\"188\" class=\"elementor elementor-188\">\n\t\t\t\t<div class=\"elementor-element elementor-element-d37d8bb e-flex e-con-boxed e-con e-parent\" data-id=\"d37d8bb\" data-element_type=\"container\" data-settings=\"{&quot;background_background&quot;:&quot;classic&quot;}\">\n\t\t\t\t\t<div class=\"e-con-inner\">\n\t\t<div class=\"elementor-element elementor-element-907da9c e-con-full e-flex e-con e-child\" data-id=\"907da9c\" data-element_type=\"container\" data-settings=\"{&quot;background_background&quot;:&quot;classic&quot;}\">\n\t\t<div class=\"elementor-element elementor-element-9e26848 e-con-full e-flex e-con e-child\" data-id=\"9e26848\" data-element_type=\"container\">\n\t\t\t\t<div class=\"elementor-element elementor-element-e4c7c4f elementor-view-default elementor-widget elementor-widget-icon\" data-id=\"e4c7c4f\" data-element_type=\"widget\" data-widget_type=\"icon.default\">\n\t\t\t\t\t\t\t<div class=\"elementor-icon-wrapper\">\n\t\t\t<div class=\"elementor-icon\">\n\t\t\t<svg aria-hidden=\"true\" class=\"e-font-icon-svg e-far-envelope\" viewBox=\"0 0 512 512\" xmlns=\"http:\/\/www.w3.org\/2000\/svg\"><path d=\"M464 64H48C21.49 64 0 85.49 0 112v288c0 26.51 21.49 48 48 48h416c26.51 0 48-21.49 48-48V112c0-26.51-21.49-48-48-48zm0 48v40.805c-22.422 18.259-58.168 46.651-134.587 106.49-16.841 13.247-50.201 45.072-73.413 44.701-23.208.375-56.579-31.459-73.413-44.701C106.18 199.465 70.425 171.067 48 152.805V112h416zM48 400V214.398c22.914 18.251 55.409 43.862 104.938 82.646 21.857 17.205 60.134 55.186 103.062 54.955 42.717.231 80.509-37.199 103.053-54.947 49.528-38.783 82.032-64.401 104.947-82.653V400H48z\"><\/path><\/svg>\t\t\t<\/div>\n\t\t<\/div>\n\t\t\t\t\t\t<\/div>\n\t\t\t\t<div class=\"elementor-element elementor-element-03631a1 elementor-widget elementor-widget-heading\" data-id=\"03631a1\" data-element_type=\"widget\" data-widget_type=\"heading.default\">\n\t\t\t\t\t<h2 class=\"elementor-heading-title elementor-size-default\">Kontakt<\/h2>\t\t\t\t<\/div>\n\t\t\t\t<\/div>\n\t\t\t\t<\/div>\n\t\t\t\t\t<\/div>\n\t\t\t\t<\/div>\n\t\t<div class=\"elementor-element elementor-element-c04281c e-flex e-con-boxed e-con e-parent\" data-id=\"c04281c\" data-element_type=\"container\" data-settings=\"{&quot;background_background&quot;:&quot;classic&quot;,&quot;shape_divider_top&quot;:&quot;tilt&quot;}\">\n\t\t\t\t\t<div class=\"e-con-inner\">\n\t\t\t\t<div class=\"elementor-shape elementor-shape-top\" aria-hidden=\"true\" data-negative=\"false\">\n\t\t\t<svg xmlns=\"http:\/\/www.w3.org\/2000\/svg\" viewBox=\"0 0 1000 100\" preserveAspectRatio=\"none\">\n\t<path class=\"elementor-shape-fill\" d=\"M0,6V0h1000v100L0,6z\"\/>\n<\/svg>\t\t<\/div>\n\t\t<div class=\"elementor-element elementor-element-2f2aa1c e-con-full e-flex e-con e-child\" data-id=\"2f2aa1c\" data-element_type=\"container\" data-settings=\"{&quot;background_background&quot;:&quot;classic&quot;}\">\n\t\t\t\t<div class=\"elementor-element elementor-element-4a74831 elementor-widget elementor-widget-heading\" data-id=\"4a74831\" data-element_type=\"widget\" data-widget_type=\"heading.default\">\n\t\t\t\t\t<h2 class=\"elementor-heading-title elementor-size-default\">Kontaktieren Sie uns<\/h2>\t\t\t\t<\/div>\n\t\t\t\t<div class=\"elementor-element elementor-element-408722a elementor-widget-divider--view-line elementor-widget elementor-widget-divider\" data-id=\"408722a\" data-element_type=\"widget\" data-widget_type=\"divider.default\">\n\t\t\t\t\t\t\t<div class=\"elementor-divider\">\n\t\t\t<span class=\"elementor-divider-separator\">\n\t\t\t\t\t\t<\/span>\n\t\t<\/div>\n\t\t\t\t\t\t<\/div>\n\t\t\t\t<div class=\"elementor-element elementor-element-6dc38e8 elementor-widget elementor-widget-elementskit-contact-form7\" data-id=\"6dc38e8\" data-element_type=\"widget\" data-widget_type=\"elementskit-contact-form7.default\">\n\t\t\t\t\t<div class=\"ekit-wid-con\" ><div class=\"ekit-form\">\n<div class=\"wpcf7 no-js\" id=\"wpcf7-f198-p188-o1\" lang=\"en-US\" dir=\"ltr\" data-wpcf7-id=\"198\">\n<div class=\"screen-reader-response\"><p role=\"status\" aria-live=\"polite\" aria-atomic=\"true\"><\/p> <ul><\/ul><\/div>\n<form action=\"\/index.php\/kontakt\/#wpcf7-f198-p188-o1\" method=\"post\" class=\"wpcf7-form init\" aria-label=\"Contact form\" novalidate=\"novalidate\" data-status=\"init\">\n<fieldset class=\"hidden-fields-container\"><input type=\"hidden\" name=\"_wpcf7\" value=\"198\" \/><input type=\"hidden\" name=\"_wpcf7_version\" value=\"6.1.5\" \/><input type=\"hidden\" name=\"_wpcf7_locale\" value=\"en_US\" \/><input type=\"hidden\" name=\"_wpcf7_unit_tag\" value=\"wpcf7-f198-p188-o1\" \/><input type=\"hidden\" name=\"_wpcf7_container_post\" value=\"188\" \/><input type=\"hidden\" name=\"_wpcf7_posted_data_hash\" value=\"\" \/>\n<\/fieldset>\n<div class=\"form-row\">\n\t<p><label>Vorname<br \/>\n<span class=\"wpcf7-form-control-wrap\" data-name=\"your-name\"><input size=\"40\" maxlength=\"400\" class=\"wpcf7-form-control wpcf7-text wpcf7-validates-as-required name-field\" autocomplete=\"name\" aria-required=\"true\" aria-invalid=\"false\" value=\"\" type=\"text\" name=\"your-name\" \/><\/span><br \/>\n<\/label><br \/>\n<label>Nachname<br \/>\n<span class=\"wpcf7-form-control-wrap\" data-name=\"your-last-name\"><input size=\"40\" maxlength=\"400\" class=\"wpcf7-form-control wpcf7-text wpcf7-validates-as-required last-name-field\" autocomplete=\"family-name\" aria-required=\"true\" aria-invalid=\"false\" value=\"\" type=\"text\" name=\"your-last-name\" \/><\/span><br \/>\n<\/label>\n\t<\/p>\n<\/div>\n<div class=\"form-row\">\n\t<p><label>Telefonnummer<br \/>\n<span class=\"wpcf7-form-control-wrap\" data-name=\"your-phone\"><input size=\"40\" maxlength=\"400\" class=\"wpcf7-form-control wpcf7-tel wpcf7-validates-as-required wpcf7-text wpcf7-validates-as-tel phone-field\" aria-required=\"true\" aria-invalid=\"false\" value=\"\" type=\"tel\" name=\"your-phone\" \/><\/span><br \/>\n<\/label><br \/>\n<label>E-Mail<br \/>\n<span class=\"wpcf7-form-control-wrap\" data-name=\"your-email\"><input size=\"40\" maxlength=\"400\" class=\"wpcf7-form-control wpcf7-email wpcf7-validates-as-required wpcf7-text wpcf7-validates-as-email email-field\" autocomplete=\"email\" aria-required=\"true\" aria-invalid=\"false\" value=\"\" type=\"email\" name=\"your-email\" \/><\/span><br \/>\n<\/label>\n\t<\/p>\n<\/div>\n<p>Installationsadresse*\n<\/p>\n<div class=\"form-row\">\n\t<p><label>Stadt<br \/>\n<span class=\"wpcf7-form-control-wrap\" data-name=\"your-city\"><input size=\"40\" maxlength=\"400\" class=\"wpcf7-form-control wpcf7-text wpcf7-validates-as-required city-field\" aria-required=\"true\" aria-invalid=\"false\" value=\"\" type=\"text\" name=\"your-city\" \/><\/span><br \/>\n<\/label><br \/>\n<label>PLZ<br \/>\n<span class=\"wpcf7-form-control-wrap\" data-name=\"your-postal-code\"><input size=\"40\" maxlength=\"400\" class=\"wpcf7-form-control wpcf7-text wpcf7-validates-as-required postal-code-field\" aria-required=\"true\" aria-invalid=\"false\" value=\"\" type=\"text\" name=\"your-postal-code\" \/><\/span><br \/>\n<\/label>\n\t<\/p>\n<\/div>\n<div class=\"form-row\">\n\t<p>F\u00fcr welche Dienstleistungen interessieren Sie sich?\n\t<\/p>\n\t<p><span class=\"wpcf7-form-control-wrap\" data-name=\"your-services\"><span class=\"wpcf7-form-control wpcf7-checkbox\"><span class=\"wpcf7-list-item first\"><input type=\"checkbox\" name=\"your-services[]\" value=\"Photovoltaiksysteme\" \/><span class=\"wpcf7-list-item-label\">Photovoltaiksysteme<\/span><\/span><span class=\"wpcf7-list-item\"><input type=\"checkbox\" name=\"your-services[]\" value=\"Klimaanlagen\" \/><span class=\"wpcf7-list-item-label\">Klimaanlagen<\/span><\/span><span class=\"wpcf7-list-item\"><input type=\"checkbox\" name=\"your-services[]\" value=\"W\u00e4rmepumpen\" \/><span class=\"wpcf7-list-item-label\">W\u00e4rmepumpen<\/span><\/span><span class=\"wpcf7-list-item\"><input type=\"checkbox\" name=\"your-services[]\" value=\"Carports\" \/><span class=\"wpcf7-list-item-label\">Carports<\/span><\/span><span class=\"wpcf7-list-item last\"><input type=\"checkbox\" name=\"your-services[]\" value=\"Gr\u00fcnd\u00e4cher\" \/><span class=\"wpcf7-list-item-label\">Gr\u00fcnd\u00e4cher<\/span><\/span><\/span><\/span>\n\t<\/p>\n<\/div>\n<div class=\"form-row\">\n\t<p><label>Art des Antragstellers<br \/>\n<span class=\"wpcf7-form-control-wrap\" data-name=\"contact-method\"><select class=\"wpcf7-form-control wpcf7-select\" aria-invalid=\"false\" name=\"contact-method\"><option value=\"Privatperson\">Privatperson<\/option><option value=\"Firma\">Firma<\/option><\/select><\/span><br \/>\n<\/label>\n\t<\/p>\n<\/div>\n<div class=\"form-row\">\n\t<p><label><br \/>\nGesch\u00e4tzter Jahresverbrauch* (in kWh)<br \/>\n<span class=\"wpcf7-form-control-wrap\" data-name=\"annual-consumption\"><input class=\"wpcf7-form-control wpcf7-number wpcf7-validates-as-required wpcf7-validates-as-number\" min=\"2000\" max=\"20000\" step=\"1000\" aria-required=\"true\" aria-invalid=\"false\" value=\"\" type=\"number\" name=\"annual-consumption\" \/><\/span><br \/>\n<\/label>\n\t<\/p>\n<\/div>\n<div class=\"form-row\">\n\t<p><label>M\u00f6chten Sie uns etwas mitteilen?<br \/>\n<span class=\"wpcf7-form-control-wrap\" data-name=\"your-message\"><textarea cols=\"40\" rows=\"10\" maxlength=\"2000\" class=\"wpcf7-form-control wpcf7-textarea\" aria-invalid=\"false\" name=\"your-message\"><\/textarea><\/span><br \/>\n<\/label>\n\t<\/p>\n<\/div>\n<div class=\"form-row\">\n\t<p><label>Bevorzugte Kontaktmethode<br \/>\n<span class=\"wpcf7-form-control-wrap\" data-name=\"contact-method\"><select class=\"wpcf7-form-control wpcf7-select\" aria-invalid=\"false\" name=\"contact-method\"><option value=\"E-Mail\">E-Mail<\/option><option value=\"Telefon\">Telefon<\/option><\/select><\/span><br \/>\n<\/label>\n\t<\/p>\n<\/div>\n<div class=\"form-row\">\n\t<p><label><br \/>\n<span class=\"wpcf7-form-control-wrap\" data-name=\"privacy-consent\"><span class=\"wpcf7-form-control wpcf7-acceptance\"><span class=\"wpcf7-list-item\"><input type=\"checkbox\" name=\"privacy-consent\" value=\"1\" aria-invalid=\"false\" \/><\/span><\/span><\/span> Ich stimme der Verarbeitung personenbezogener Daten zu<br \/>\n<\/label>\n\t<\/p>\n<\/div>\n<p><input class=\"wpcf7-form-control wpcf7-submit has-spinner\" type=\"submit\" value=\"Absenden\" \/>\n<\/p><div class=\"wpcf7-response-output\" aria-hidden=\"true\"><\/div>\n<\/form>\n<\/div>\n<\/div><\/div>\t\t\t\t<\/div>\n\t\t\t\t<\/div>\n\t\t<div class=\"elementor-element elementor-element-0153049 e-con-full e-flex e-con e-child\" data-id=\"0153049\" data-element_type=\"container\" data-settings=\"{&quot;background_background&quot;:&quot;classic&quot;}\">\n\t\t\t\t<div class=\"elementor-element elementor-element-51035d6 elementor-widget elementor-widget-heading\" data-id=\"51035d6\" data-element_type=\"widget\" data-widget_type=\"heading.default\">\n\t\t\t\t\t<h2 class=\"elementor-heading-title elementor-size-default\">Kontaktinformationen<\/h2>\t\t\t\t<\/div>\n\t\t\t\t<div class=\"elementor-element elementor-element-88133d4 elementor-widget-divider--view-line elementor-widget elementor-widget-divider\" data-id=\"88133d4\" data-element_type=\"widget\" data-widget_type=\"divider.default\">\n\t\t\t\t\t\t\t<div class=\"elementor-divider\">\n\t\t\t<span class=\"elementor-divider-separator\">\n\t\t\t\t\t\t<\/span>\n\t\t<\/div>\n\t\t\t\t\t\t<\/div>\n\t\t\t\t<div class=\"elementor-element elementor-element-e0cf77f elementor-widget elementor-widget-text-editor\" data-id=\"e0cf77f\" data-element_type=\"widget\" data-widget_type=\"text-editor.default\">\n\t\t\t\t\t\t\t\t\t<h2>KLV Energy GmbH<\/h2><p><strong>Firmenbuchnummer:<\/strong> 56279329<\/p><p><strong>Steuernummer:<\/strong> 689165462<\/p><p><strong>UID-Nr<\/strong>.<strong>:<\/strong> ATU82162268<\/p><p><strong>Adresse:<\/strong> Skuteckeho 30, 974 01<\/p><p>Banska Bystrica, Slowakei<\/p><p><strong>Tel.:<\/strong> +43 6606 755 442<\/p><p><strong>E-Mail:<\/strong> info@klvenergy.at<\/p>\t\t\t\t\t\t\t\t<\/div>\n\t\t\t\t<div class=\"elementor-element elementor-element-49b251a e-grid-align-left elementor-shape-rounded elementor-grid-0 elementor-widget elementor-widget-social-icons\" data-id=\"49b251a\" data-element_type=\"widget\" data-widget_type=\"social-icons.default\">\n\t\t\t\t\t\t\t<div class=\"elementor-social-icons-wrapper elementor-grid\" role=\"list\">\n\t\t\t\t\t\t\t<span class=\"elementor-grid-item\" role=\"listitem\">\n\t\t\t\t\t<a class=\"elementor-icon elementor-social-icon elementor-social-icon-facebook elementor-repeater-item-8886e48\" href=\"https:\/\/www.facebook.com\/profile.php?id=61576839176614&#038;locale=sk_SK\" target=\"_blank\">\n\t\t\t\t\t\t<span class=\"elementor-screen-only\">Facebook<\/span>\n\t\t\t\t\t\t<svg class=\"e-font-icon-svg e-fab-facebook\" viewBox=\"0 0 512 512\" xmlns=\"http:\/\/www.w3.org\/2000\/svg\"><path d=\"M504 256C504 119 393 8 256 8S8 119 8 256c0 123.78 90.69 226.38 209.25 245V327.69h-63V256h63v-54.64c0-62.15 37-96.48 93.67-96.48 27.14 0 55.52 4.84 55.52 4.84v61h-31.28c-30.8 0-40.41 19.12-40.41 38.73V256h68.78l-11 71.69h-57.78V501C413.31 482.38 504 379.78 504 256z\"><\/path><\/svg>\t\t\t\t\t<\/a>\n\t\t\t\t<\/span>\n\t\t\t\t\t\t\t<span class=\"elementor-grid-item\" role=\"listitem\">\n\t\t\t\t\t<a class=\"elementor-icon elementor-social-icon elementor-social-icon- elementor-repeater-item-bdfe05b\" href=\"https:\/\/www.instagram.com\/klvenergy.at\/\" target=\"_blank\">\n\t\t\t\t\t\t<span class=\"elementor-screen-only\"><\/span>\n\t\t\t\t\t\t<svg xmlns=\"http:\/\/www.w3.org\/2000\/svg\" width=\"24\" height=\"24\" viewBox=\"0 0 24 24\" fill=\"none\"><path fill-rule=\"evenodd\" clip-rule=\"evenodd\" d=\"M16 3C17.3261 3 18.5979 3.52678 19.5355 4.46447C20.4732 5.40215 21 6.67392 21 8V16C21 17.3261 20.4732 18.5979 19.5355 19.5355C18.5979 20.4732 17.3261 21 16 21H8C6.67392 21 5.40215 20.4732 4.46447 19.5355C3.52678 18.5979 3 17.3261 3 16V8C3 6.67392 3.52678 5.40215 4.46447 4.46447C5.40215 3.52678 6.67392 3 8 3H16ZM16 5H8C7.20435 5 6.44129 5.31607 5.87868 5.87868C5.31607 6.44129 5 7.20435 5 8V16C5 16.7956 5.31607 17.5587 5.87868 18.1213C6.44129 18.6839 7.20435 19 8 19H16C16.7956 19 17.5587 18.6839 18.1213 18.1213C18.6839 17.5587 19 16.7956 19 16V8C19 7.20435 18.6839 6.44129 18.1213 5.87868C17.5587 5.31607 16.7956 5 16 5ZM12 8C13.0609 8 14.0783 8.42143 14.8284 9.17157C15.5786 9.92172 16 10.9391 16 12C16 13.0609 15.5786 14.0783 14.8284 14.8284C14.0783 15.5786 13.0609 16 12 16C10.9391 16 9.92172 15.5786 9.17157 14.8284C8.42143 14.0783 8 13.0609 8 12C8 10.9391 8.42143 9.92172 9.17157 9.17157C9.92172 8.42143 10.9391 8 12 8ZM12 10C11.4696 10 10.9609 10.2107 10.5858 10.5858C10.2107 10.9609 10 11.4696 10 12C10 12.5304 10.2107 13.0391 10.5858 13.4142C10.9609 13.7893 11.4696 14 12 14C12.5304 14 13.0391 13.7893 13.4142 13.4142C13.7893 13.0391 14 12.5304 14 12C14 11.4696 13.7893 10.9609 13.4142 10.5858C13.0391 10.2107 12.5304 10 12 10ZM16.5 6.5C16.7652 6.5 17.0196 6.60536 17.2071 6.79289C17.3946 6.98043 17.5 7.23478 17.5 7.5C17.5 7.76522 17.3946 8.01957 17.2071 8.20711C17.0196 8.39464 16.7652 8.5 16.5 8.5C16.2348 8.5 15.9804 8.39464 15.7929 8.20711C15.6054 8.01957 15.5 7.76522 15.5 7.5C15.5 7.23478 15.6054 6.98043 15.7929 6.79289C15.9804 6.60536 16.2348 6.5 16.5 6.5Z\" fill=\"white\"><\/path><\/svg>\t\t\t\t\t<\/a>\n\t\t\t\t<\/span>\n\t\t\t\t\t\t\t<span class=\"elementor-grid-item\" role=\"listitem\">\n\t\t\t\t\t<a class=\"elementor-icon elementor-social-icon elementor-social-icon- elementor-repeater-item-111a1dd\" target=\"_blank\">\n\t\t\t\t\t\t<span class=\"elementor-screen-only\"><\/span>\n\t\t\t\t\t\t<svg xmlns=\"http:\/\/www.w3.org\/2000\/svg\" width=\"24\" height=\"24\" viewBox=\"0 0 24 24\" fill=\"none\"><path d=\"M19 3C19.5304 3 20.0391 3.21071 20.4142 3.58579C20.7893 3.96086 21 4.46957 21 5V19C21 19.5304 20.7893 20.0391 20.4142 20.4142C20.0391 20.7893 19.5304 21 19 21H5C4.46957 21 3.96086 20.7893 3.58579 20.4142C3.21071 20.0391 3 19.5304 3 19V5C3 4.46957 3.21071 3.96086 3.58579 3.58579C3.96086 3.21071 4.46957 3 5 3H19ZM18.5 18.5V13.2C18.5 12.3354 18.1565 11.5062 17.5452 10.8948C16.9338 10.2835 16.1046 9.94 15.24 9.94C14.39 9.94 13.4 10.46 12.92 11.24V10.13H10.13V18.5H12.92V13.57C12.92 12.8 13.54 12.17 14.31 12.17C14.6813 12.17 15.0374 12.3175 15.2999 12.5801C15.5625 12.8426 15.71 13.1987 15.71 13.57V18.5H18.5ZM6.88 8.56C7.32556 8.56 7.75288 8.383 8.06794 8.06794C8.383 7.75288 8.56 7.32556 8.56 6.88C8.56 5.95 7.81 5.19 6.88 5.19C6.43178 5.19 6.00193 5.36805 5.68499 5.68499C5.36805 6.00193 5.19 6.43178 5.19 6.88C5.19 7.81 5.95 8.56 6.88 8.56ZM8.27 18.5V10.13H5.5V18.5H8.27Z\" fill=\"white\"><\/path><\/svg>\t\t\t\t\t<\/a>\n\t\t\t\t<\/span>\n\t\t\t\t\t<\/div>\n\t\t\t\t\t\t<\/div>\n\t\t\t\t<\/div>\n\t\t\t\t\t<\/div>\n\t\t\t\t<\/div>\n\t\t\t\t<\/div>\n\t\t","protected":false},"excerpt":{"rendered":"<p>Kontakt Kontaktieren Sie uns Vorname Nachname Telefonnummer E-Mail Installationsadresse* Stadt PLZ F\u00fcr welche Dienstleistungen interessieren Sie sich? PhotovoltaiksystemeKlimaanlagenW\u00e4rmepumpenCarportsGr\u00fcnd\u00e4cher Art des [&hellip;]<\/p>\n","protected":false},"author":1,"featured_media":0,"parent":0,"menu_order":0,"comment_status":"closed","ping_status":"closed","template":"","meta":{"site-sidebar-layout":"no-sidebar","site-content-layout":"","ast-site-content-layout":"full-width-container","site-content-style":"default","site-sidebar-style":"default","ast-global-header-display":"","ast-banner-title-visibility":"","ast-main-header-display":"","ast-hfb-above-header-display":"","ast-hfb-below-header-display":"","ast-hfb-mobile-header-display":"","site-post-title":"disabled","ast-breadcrumbs-content":"","ast-featured-img":"disabled","footer-sml-layout":"","theme-transparent-header-meta":"","adv-header-id-meta":"","stick-header-meta":"","header-above-stick-meta":"","header-main-stick-meta":"","header-below-stick-meta":"","astra-migrate-meta-layouts":"default","ast-page-background-enabled":"default","ast-page-background-meta":{"desktop":{"background-color":"var(--ast-global-color-5)","background-image":"","background-repeat":"repeat","background-position":"center center","background-size":"auto","background-attachment":"scroll","background-type":"","background-media":"","overlay-type":"","overlay-color":"","overlay-opacity":"","overlay-gradient":""},"tablet":{"background-color":"","background-image":"","background-repeat":"repeat","background-position":"center center","background-size":"auto","background-attachment":"scroll","background-type":"","background-media":"","overlay-type":"","overlay-color":"","overlay-opacity":"","overlay-gradient":""},"mobile":{"background-color":"","background-image":"","background-repeat":"repeat","background-position":"center center","background-size":"auto","background-attachment":"scroll","background-type":"","background-media":"","overlay-type":"","overlay-color":"","overlay-opacity":"","overlay-gradient":""}},"ast-content-background-meta":{"desktop":{"background-color":"var(--ast-global-color-4)","background-image":"","background-repeat":"repeat","background-position":"center center","background-size":"auto","background-attachment":"scroll","background-type":"","background-media":"","overlay-type":"","overlay-color":"","overlay-opacity":"","overlay-gradient":""},"tablet":{"background-color":"var(--ast-global-color-4)","background-image":"","background-repeat":"repeat","background-position":"center center","background-size":"auto","background-attachment":"scroll","background-type":"","background-media":"","overlay-type":"","overlay-color":"","overlay-opacity":"","overlay-gradient":""},"mobile":{"background-color":"var(--ast-global-color-4)","background-image":"","background-repeat":"repeat","background-position":"center center","background-size":"auto","background-attachment":"scroll","background-type":"","background-media":"","overlay-type":"","overlay-color":"","overlay-opacity":"","overlay-gradient":""}},"footnotes":""},"class_list":["post-188","page","type-page","status-publish","hentry"],"_links":{"self":[{"href":"https:\/\/www.klvenergy.at\/index.php\/wp-json\/wp\/v2\/pages\/188","targetHints":{"allow":["GET"]}}],"collection":[{"href":"https:\/\/www.klvenergy.at\/index.php\/wp-json\/wp\/v2\/pages"}],"about":[{"href":"https:\/\/www.klvenergy.at\/index.php\/wp-json\/wp\/v2\/types\/page"}],"author":[{"embeddable":true,"href":"https:\/\/www.klvenergy.at\/index.php\/wp-json\/wp\/v2\/users\/1"}],"replies":[{"embeddable":true,"href":"https:\/\/www.klvenergy.at\/index.php\/wp-json\/wp\/v2\/comments?post=188"}],"version-history":[{"count":22,"href":"https:\/\/www.klvenergy.at\/index.php\/wp-json\/wp\/v2\/pages\/188\/revisions"}],"predecessor-version":[{"id":295,"href":"https:\/\/www.klvenergy.at\/index.php\/wp-json\/wp\/v2\/pages\/188\/revisions\/295"}],"wp:attachment":[{"href":"https:\/\/www.klvenergy.at\/index.php\/wp-json\/wp\/v2\/media?parent=188"}],"curies":[{"name":"wp","href":"https:\/\/api.w.org\/{rel}","templated":true}]}}