{"id":89,"date":"2025-07-11T15:18:32","date_gmt":"2025-07-11T13:18:32","guid":{"rendered":"https:\/\/www.klvenergy.at\/?page_id=89"},"modified":"2025-07-25T12:00:03","modified_gmt":"2025-07-25T10:00:03","slug":"photovoltaik-fur-unternehmen","status":"publish","type":"page","link":"https:\/\/www.klvenergy.at\/index.php\/photovoltaik-fur-unternehmen\/","title":{"rendered":"Photovoltaik f\u00fcr Unternehmen"},"content":{"rendered":"\t\t<div data-elementor-type=\"wp-page\" data-elementor-id=\"89\" class=\"elementor elementor-89\">\n\t\t\t\t<div class=\"elementor-element elementor-element-2677d6d e-flex e-con-boxed e-con e-parent\" data-id=\"2677d6d\" data-element_type=\"container\" data-settings=\"{&quot;background_background&quot;:&quot;classic&quot;}\">\n\t\t\t\t\t<div class=\"e-con-inner\">\n\t\t<div class=\"elementor-element elementor-element-774b974 e-con-full e-flex e-con e-child\" data-id=\"774b974\" data-element_type=\"container\" data-settings=\"{&quot;background_background&quot;:&quot;classic&quot;}\">\n\t\t<div class=\"elementor-element elementor-element-c28a180 e-con-full e-flex e-con e-child\" data-id=\"c28a180\" data-element_type=\"container\">\n\t\t\t\t<div class=\"elementor-element elementor-element-2039bcb elementor-widget-mobile__width-initial elementor-widget elementor-widget-image\" data-id=\"2039bcb\" data-element_type=\"widget\" data-widget_type=\"image.default\">\n\t\t\t\t\t\t\t\t\t\t\t\t\t\t\t<img decoding=\"async\" width=\"16\" height=\"16\" src=\"https:\/\/www.klvenergy.at\/wp-content\/uploads\/2025\/07\/game-icons_solar-power1.svg\" class=\"attachment-large size-large wp-image-90\" alt=\"\" \/>\t\t\t\t\t\t\t\t\t\t\t\t\t\t\t<\/div>\n\t\t\t\t<div class=\"elementor-element elementor-element-5eeaf1c elementor-widget-mobile__width-initial elementor-widget elementor-widget-heading\" data-id=\"5eeaf1c\" data-element_type=\"widget\" data-widget_type=\"heading.default\">\n\t\t\t\t\t<h2 class=\"elementor-heading-title elementor-size-default\">Photovoltaische L\u00f6sungen f\u00fcr Unternehmen<\/h2>\t\t\t\t<\/div>\n\t\t\t\t<\/div>\n\t\t\t\t<\/div>\n\t\t\t\t\t<\/div>\n\t\t\t\t<\/div>\n\t\t<div class=\"elementor-element elementor-element-ab2fade e-flex e-con-boxed e-con e-parent\" data-id=\"ab2fade\" data-element_type=\"container\">\n\t\t\t\t\t<div class=\"e-con-inner\">\n\t\t\t\t<div class=\"elementor-element elementor-element-82ef0cc elementor-widget elementor-widget-text-editor\" data-id=\"82ef0cc\" data-element_type=\"widget\" data-widget_type=\"text-editor.default\">\n\t\t\t\t\t\t\t\t\t<p>Senken Sie die Kosten und erh\u00f6hen Sie die Energieunabh\u00e4ngigkeit Ihres Unternehmens Ein PV-Kraftwerk ist eine moderne M\u00f6glichkeit, die Stromkosten Ihres Unternehmens zu senken und Ihre Energiesicherheit zu st\u00e4rken. Unsere L\u00f6sungen sind ma\u00dfgeschneidert f\u00fcr Industrieanlagen, B\u00fcrogeb\u00e4ude, Produktionshallen und verbrauchsintensive Anlagen.<\/p>\t\t\t\t\t\t\t\t<\/div>\n\t\t\t\t\t<\/div>\n\t\t\t\t<\/div>\n\t\t<div class=\"elementor-element elementor-element-6a0c61c e-flex e-con-boxed e-con e-parent\" data-id=\"6a0c61c\" data-element_type=\"container\" data-settings=\"{&quot;background_background&quot;:&quot;classic&quot;}\">\n\t\t\t\t\t<div class=\"e-con-inner\">\n\t\t<div class=\"elementor-element elementor-element-315686a e-con-full e-flex e-con e-child\" data-id=\"315686a\" data-element_type=\"container\">\n\t\t\t\t<div class=\"elementor-element elementor-element-a242a92 elementor-widget__width-initial elementor-widget elementor-widget-heading\" data-id=\"a242a92\" data-element_type=\"widget\" data-widget_type=\"heading.default\">\n\t\t\t\t\t<h2 class=\"elementor-heading-title elementor-size-default\">Vorteile der Photovoltaik f\u00fcr Unternehmer<\/h2>\t\t\t\t<\/div>\n\t\t\t\t<\/div>\n\t\t\t\t<div class=\"elementor-element elementor-element-caed299 elementor-widget__width-initial elementor-widget elementor-widget-text-editor\" data-id=\"caed299\" data-element_type=\"widget\" data-widget_type=\"text-editor.default\">\n\t\t\t\t\t\t\t\t\t<p><strong>Sofortige Einsparungen<\/strong> &#8211; geringere Stromrechnungen im ersten Betriebsmonat.<\/p><p><strong>Kostenstabilit\u00e4t<\/strong> &#8211; geringere Abh\u00e4ngigkeit von Energiepreisschwankungen.<\/p><p><strong>Wertsteigerung der Immobilie<\/strong> &#8211; die Investition in eine erneuerbare Ressource erh\u00f6ht den Wert der Immobilie.<\/p><p><strong>Positives Image<\/strong> &#8211; gr\u00fcne Energie st\u00e4rkt Ihre Marke bei Kunden und Partnern.<\/p><p><strong>Subventionsm\u00f6glichkeiten<\/strong> &#8211; wir k\u00f6nnen Ihnen helfen, Unterst\u00fctzung durch die Green Enterprise Challenge zu erhalten.<\/p><p><strong>Schnelle Amortisation<\/strong> &#8211; dank der Optimierung des Designs betr\u00e4gt die Amortisation oft nur 5 Jahre.<\/p>\t\t\t\t\t\t\t\t<\/div>\n\t\t\t\t\t<\/div>\n\t\t\t\t<\/div>\n\t\t<div class=\"elementor-element elementor-element-5810fb6 e-flex e-con-boxed e-con e-parent\" data-id=\"5810fb6\" data-element_type=\"container\">\n\t\t\t\t\t<div class=\"e-con-inner\">\n\t\t\t\t<div class=\"elementor-element elementor-element-c52cdc8 elementor-widget elementor-widget-heading\" data-id=\"c52cdc8\" data-element_type=\"widget\" data-widget_type=\"heading.default\">\n\t\t\t\t\t<h2 class=\"elementor-heading-title elementor-size-default\">Was bieten wir an?<\/h2>\t\t\t\t<\/div>\n\t\t<div class=\"elementor-element elementor-element-bd323c9 e-grid e-con-full e-con e-child\" data-id=\"bd323c9\" data-element_type=\"container\">\n\t\t<div class=\"elementor-element elementor-element-39b338a e-con-full e-flex e-con e-child\" data-id=\"39b338a\" data-element_type=\"container\">\n\t\t\t\t<div class=\"elementor-element elementor-element-c48f08f elementor-widget elementor-widget-heading\" data-id=\"c48f08f\" data-element_type=\"widget\" data-widget_type=\"heading.default\">\n\t\t\t\t\t<h5 class=\"elementor-heading-title elementor-size-default\">Verbrauchsanalyse und L\u00f6sungsentwurf<\/h5>\t\t\t\t<\/div>\n\t\t\t\t<\/div>\n\t\t<div class=\"elementor-element elementor-element-b1acc55 e-con-full e-flex e-con e-child\" data-id=\"b1acc55\" data-element_type=\"container\">\n\t\t\t\t<div class=\"elementor-element elementor-element-707fdce elementor-widget elementor-widget-heading\" data-id=\"707fdce\" data-element_type=\"widget\" data-widget_type=\"heading.default\">\n\t\t\t\t\t<h5 class=\"elementor-heading-title elementor-size-default\">Montage auf dem Dach, an der Fassade oder an einer industriellen Struktur<\/h5>\t\t\t\t<\/div>\n\t\t\t\t<\/div>\n\t\t<div class=\"elementor-element elementor-element-ed20bf5 e-con-full e-flex e-con e-child\" data-id=\"ed20bf5\" data-element_type=\"container\">\n\t\t\t\t<div class=\"elementor-element elementor-element-e5c197e elementor-widget elementor-widget-heading\" data-id=\"e5c197e\" data-element_type=\"widget\" data-widget_type=\"heading.default\">\n\t\t\t\t\t<h5 class=\"elementor-heading-title elementor-size-default\">Unterst\u00fctzung bei der Legalisierung und Einbindung des Systems in das Vertriebsnetz<\/h5>\t\t\t\t<\/div>\n\t\t\t\t<\/div>\n\t\t<div class=\"elementor-element elementor-element-2672419 e-con-full e-flex e-con e-child\" data-id=\"2672419\" data-element_type=\"container\">\n\t\t\t\t<div class=\"elementor-element elementor-element-37986cc elementor-widget elementor-widget-heading\" data-id=\"37986cc\" data-element_type=\"widget\" data-widget_type=\"heading.default\">\n\t\t\t\t\t<h5 class=\"elementor-heading-title elementor-size-default\">Beratung und Unterst\u00fctzung bei der Projektdokumentation<\/h5>\t\t\t\t<\/div>\n\t\t\t\t<\/div>\n\t\t<div class=\"elementor-element elementor-element-c28fa0a e-con-full e-flex e-con e-child\" data-id=\"c28fa0a\" data-element_type=\"container\">\n\t\t\t\t<div class=\"elementor-element elementor-element-1c31d24 elementor-widget elementor-widget-heading\" data-id=\"1c31d24\" data-element_type=\"widget\" data-widget_type=\"heading.default\">\n\t\t\t\t\t<h5 class=\"elementor-heading-title elementor-size-default\">Unterst\u00fctzung bei der Beantragung und Erlangung von Subventionen (z. B. Green Business)<\/h5>\t\t\t\t<\/div>\n\t\t\t\t<\/div>\n\t\t\t\t<\/div>\n\t\t\t\t\t<\/div>\n\t\t\t\t<\/div>\n\t\t\t\t<\/div>\n\t\t","protected":false},"excerpt":{"rendered":"<p>Photovoltaische L\u00f6sungen f\u00fcr Unternehmen Senken Sie die Kosten und erh\u00f6hen Sie die Energieunabh\u00e4ngigkeit Ihres Unternehmens Ein PV-Kraftwerk ist eine moderne [&hellip;]<\/p>\n","protected":false},"author":1,"featured_media":0,"parent":0,"menu_order":0,"comment_status":"closed","ping_status":"closed","template":"","meta":{"site-sidebar-layout":"no-sidebar","site-content-layout":"","ast-site-content-layout":"full-width-container","site-content-style":"default","site-sidebar-style":"default","ast-global-header-display":"","ast-banner-title-visibility":"","ast-main-header-display":"","ast-hfb-above-header-display":"","ast-hfb-below-header-display":"","ast-hfb-mobile-header-display":"","site-post-title":"disabled","ast-breadcrumbs-content":"","ast-featured-img":"disabled","footer-sml-layout":"","theme-transparent-header-meta":"","adv-header-id-meta":"","stick-header-meta":"","header-above-stick-meta":"","header-main-stick-meta":"","header-below-stick-meta":"","astra-migrate-meta-layouts":"default","ast-page-background-enabled":"default","ast-page-background-meta":{"desktop":{"background-color":"var(--ast-global-color-5)","background-image":"","background-repeat":"repeat","background-position":"center center","background-size":"auto","background-attachment":"scroll","background-type":"","background-media":"","overlay-type":"","overlay-color":"","overlay-opacity":"","overlay-gradient":""},"tablet":{"background-color":"","background-image":"","background-repeat":"repeat","background-position":"center center","background-size":"auto","background-attachment":"scroll","background-type":"","background-media":"","overlay-type":"","overlay-color":"","overlay-opacity":"","overlay-gradient":""},"mobile":{"background-color":"","background-image":"","background-repeat":"repeat","background-position":"center center","background-size":"auto","background-attachment":"scroll","background-type":"","background-media":"","overlay-type":"","overlay-color":"","overlay-opacity":"","overlay-gradient":""}},"ast-content-background-meta":{"desktop":{"background-color":"var(--ast-global-color-4)","background-image":"","background-repeat":"repeat","background-position":"center center","background-size":"auto","background-attachment":"scroll","background-type":"","background-media":"","overlay-type":"","overlay-color":"","overlay-opacity":"","overlay-gradient":""},"tablet":{"background-color":"var(--ast-global-color-4)","background-image":"","background-repeat":"repeat","background-position":"center center","background-size":"auto","background-attachment":"scroll","background-type":"","background-media":"","overlay-type":"","overlay-color":"","overlay-opacity":"","overlay-gradient":""},"mobile":{"background-color":"var(--ast-global-color-4)","background-image":"","background-repeat":"repeat","background-position":"center center","background-size":"auto","background-attachment":"scroll","background-type":"","background-media":"","overlay-type":"","overlay-color":"","overlay-opacity":"","overlay-gradient":""}},"footnotes":""},"class_list":["post-89","page","type-page","status-publish","hentry"],"_links":{"self":[{"href":"https:\/\/www.klvenergy.at\/index.php\/wp-json\/wp\/v2\/pages\/89","targetHints":{"allow":["GET"]}}],"collection":[{"href":"https:\/\/www.klvenergy.at\/index.php\/wp-json\/wp\/v2\/pages"}],"about":[{"href":"https:\/\/www.klvenergy.at\/index.php\/wp-json\/wp\/v2\/types\/page"}],"author":[{"embeddable":true,"href":"https:\/\/www.klvenergy.at\/index.php\/wp-json\/wp\/v2\/users\/1"}],"replies":[{"embeddable":true,"href":"https:\/\/www.klvenergy.at\/index.php\/wp-json\/wp\/v2\/comments?post=89"}],"version-history":[{"count":8,"href":"https:\/\/www.klvenergy.at\/index.php\/wp-json\/wp\/v2\/pages\/89\/revisions"}],"predecessor-version":[{"id":309,"href":"https:\/\/www.klvenergy.at\/index.php\/wp-json\/wp\/v2\/pages\/89\/revisions\/309"}],"wp:attachment":[{"href":"https:\/\/www.klvenergy.at\/index.php\/wp-json\/wp\/v2\/media?parent=89"}],"curies":[{"name":"wp","href":"https:\/\/api.w.org\/{rel}","templated":true}]}}