{"id":98,"date":"2025-07-11T15:25:31","date_gmt":"2025-07-11T13:25:31","guid":{"rendered":"https:\/\/www.klvenergy.at\/?page_id=98"},"modified":"2025-07-11T16:24:44","modified_gmt":"2025-07-11T14:24:44","slug":"warmepumpen","status":"publish","type":"page","link":"https:\/\/www.klvenergy.at\/index.php\/warmepumpen\/","title":{"rendered":"W\u00e4rmepumpen"},"content":{"rendered":"\t\t<div data-elementor-type=\"wp-page\" data-elementor-id=\"98\" class=\"elementor elementor-98\">\n\t\t\t\t<div class=\"elementor-element elementor-element-fc52133 e-flex e-con-boxed e-con e-parent\" data-id=\"fc52133\" data-element_type=\"container\" data-settings=\"{&quot;background_background&quot;:&quot;classic&quot;}\">\n\t\t\t\t\t<div class=\"e-con-inner\">\n\t\t<div class=\"elementor-element elementor-element-72bae18 e-con-full e-flex e-con e-child\" data-id=\"72bae18\" data-element_type=\"container\" data-settings=\"{&quot;background_background&quot;:&quot;classic&quot;}\">\n\t\t<div class=\"elementor-element elementor-element-1b17ae3 e-con-full e-flex e-con e-child\" data-id=\"1b17ae3\" data-element_type=\"container\">\n\t\t\t\t<div class=\"elementor-element elementor-element-e6524a8 elementor-widget-mobile__width-initial elementor-widget elementor-widget-image\" data-id=\"e6524a8\" data-element_type=\"widget\" data-widget_type=\"image.default\">\n\t\t\t\t\t\t\t\t\t\t\t\t\t\t\t<img decoding=\"async\" width=\"24\" height=\"24\" src=\"https:\/\/www.klvenergy.at\/wp-content\/uploads\/2025\/07\/material-symbols-light_heat-pump-outline1.svg\" class=\"attachment-large size-large wp-image-99\" alt=\"\" \/>\t\t\t\t\t\t\t\t\t\t\t\t\t\t\t<\/div>\n\t\t\t\t<div class=\"elementor-element elementor-element-09b3ddc elementor-widget elementor-widget-heading\" data-id=\"09b3ddc\" data-element_type=\"widget\" data-widget_type=\"heading.default\">\n\t\t\t\t\t<h2 class=\"elementor-heading-title elementor-size-default\">W\u00e4rmepumpen<\/h2>\t\t\t\t<\/div>\n\t\t\t\t<\/div>\n\t\t\t\t<\/div>\n\t\t\t\t\t<\/div>\n\t\t\t\t<\/div>\n\t\t<div class=\"elementor-element elementor-element-b139f7b e-flex e-con-boxed e-con e-parent\" data-id=\"b139f7b\" data-element_type=\"container\">\n\t\t\t\t\t<div class=\"e-con-inner\">\n\t\t\t\t<div class=\"elementor-element elementor-element-809bd79 elementor-widget elementor-widget-heading\" data-id=\"809bd79\" data-element_type=\"widget\" data-widget_type=\"heading.default\">\n\t\t\t\t\t<h2 class=\"elementor-heading-title elementor-size-default\">Wozu sind W\u00e4rmepumpen gut?<\/h2>\t\t\t\t<\/div>\n\t\t\t\t<div class=\"elementor-element elementor-element-f0b5f4a elementor-widget-divider--view-line elementor-widget elementor-widget-divider\" data-id=\"f0b5f4a\" data-element_type=\"widget\" data-widget_type=\"divider.default\">\n\t\t\t\t\t\t\t<div class=\"elementor-divider\">\n\t\t\t<span class=\"elementor-divider-separator\">\n\t\t\t\t\t\t<\/span>\n\t\t<\/div>\n\t\t\t\t\t\t<\/div>\n\t\t<div class=\"elementor-element elementor-element-a385192 e-con-full e-flex e-con e-child\" data-id=\"a385192\" data-element_type=\"container\">\n\t\t\t\t<div class=\"elementor-element elementor-element-4bd1a4e elementor-widget__width-initial elementor-widget elementor-widget-text-editor\" data-id=\"4bd1a4e\" data-element_type=\"widget\" data-widget_type=\"text-editor.default\">\n\t\t\t\t\t\t\t\t\t<div class=\"col-lg-6\"><div class=\"cms-heading-desc text-16 lh-27 pt-20 text-\"><p>W\u00e4rmepumpen werden eingesetzt, um W\u00e4rmeenergie aus einer Umgebung in W\u00e4rmeenergie in einer anderen Umgebung umzuwandeln. W\u00e4rmeenergie kann von einer Quelle mit niedriger Temperatur (z. B. Luft, Wasser oder Boden) in eine h\u00f6here Temperatur umgewandelt werden, die zum Heizen oder zur Warmwasserbereitung genutzt werden kann.<\/p><\/div><\/div>\t\t\t\t\t\t\t\t<\/div>\n\t\t\t\t<div class=\"elementor-element elementor-element-2b8ee9a elementor-widget__width-initial elementor-widget elementor-widget-text-editor\" data-id=\"2b8ee9a\" data-element_type=\"widget\" data-widget_type=\"text-editor.default\">\n\t\t\t\t\t\t\t\t\t<p>W\u00e4rmepumpen versorgen Ihr Haus mit effizienter Heizung, Warmwasser und sogar K\u00fchlung. Sie zeichnen sich durch 3 grundlegende Eigenschaften aus:<\/p><ul><li>Hohe Leistung<\/li><li>Niedrige Betriebskosten<\/li><li>Lange Lebensdauer<\/li><\/ul>\t\t\t\t\t\t\t\t<\/div>\n\t\t\t\t<\/div>\n\t\t\t\t\t<\/div>\n\t\t\t\t<\/div>\n\t\t<div class=\"elementor-element elementor-element-708e16d e-flex e-con-boxed e-con e-parent\" data-id=\"708e16d\" data-element_type=\"container\" data-settings=\"{&quot;background_background&quot;:&quot;classic&quot;}\">\n\t\t\t\t\t<div class=\"e-con-inner\">\n\t\t\t\t<div class=\"elementor-element elementor-element-01ea7c8 elementor-widget elementor-widget-heading\" data-id=\"01ea7c8\" data-element_type=\"widget\" data-widget_type=\"heading.default\">\n\t\t\t\t\t<h2 class=\"elementor-heading-title elementor-size-default\">Komplette Optimierung nicht nur f\u00fcr Ihr Haus<\/h2>\t\t\t\t<\/div>\n\t\t\t\t<div class=\"elementor-element elementor-element-1eb2b4a elementor-widget-divider--view-line elementor-widget elementor-widget-divider\" data-id=\"1eb2b4a\" data-element_type=\"widget\" data-widget_type=\"divider.default\">\n\t\t\t\t\t\t\t<div class=\"elementor-divider\">\n\t\t\t<span class=\"elementor-divider-separator\">\n\t\t\t\t\t\t<\/span>\n\t\t<\/div>\n\t\t\t\t\t\t<\/div>\n\t\t<div class=\"elementor-element elementor-element-54d460b e-con-full e-flex e-con e-child\" data-id=\"54d460b\" data-element_type=\"container\">\n\t\t\t\t<div class=\"elementor-element elementor-element-8cb7b97 elementor-widget__width-initial elementor-widget elementor-widget-text-editor\" data-id=\"8cb7b97\" data-element_type=\"widget\" data-widget_type=\"text-editor.default\">\n\t\t\t\t\t\t\t\t\t<div class=\"col-lg-6\"><div class=\"cms-heading-desc text-16 lh-27 pt-20 text-\"><div class=\"col-lg-6\"><div class=\"cms-heading-desc text-16 lh-27 pt-20 text-\"><p>Lassen Sie uns die optimale L\u00f6sung f\u00fcr Ihr Haus finden. Wir entwerfen L\u00f6sungen sowohl f\u00fcr Einfamilienh\u00e4user als auch f\u00fcr gewerbliche Geb\u00e4ude. Das Zusammenspiel von Photovoltaikanlagen und W\u00e4rmepumpen ist die TOP-L\u00f6sung f\u00fcr maximale Energiekosteneinsparungen f\u00fcr Sie und Ihr Haus oder Unternehmen, vor allem aber ist es eine sehr umweltfreundliche L\u00f6sung.<\/p><p>W\u00e4rmepumpen heizen im Winter, k\u00fchlen im Sommer und in Kombination mit einem Photovoltaik-Kraftwerk sind die Betriebskosten absolut minimal.<\/p><\/div><\/div><\/div><\/div>\t\t\t\t\t\t\t\t<\/div>\n\t\t\t\t<div class=\"elementor-element elementor-element-94f260c elementor-widget__width-initial elementor-widget elementor-widget-text-editor\" data-id=\"94f260c\" data-element_type=\"widget\" data-widget_type=\"text-editor.default\">\n\t\t\t\t\t\t\t\t\t<div class=\"cms-heading-desc text-16 lh-27 pt-20 text-\"><p>Von der Installation bis hin zur Wartung und Instandhaltung haben wir die technischen Fragen nahtlos gemeistert. Wir besuchen regelm\u00e4\u00dfig Schulungen und halten uns \u00fcber die Entwicklungen in der W\u00e4rmepumpenbranche auf dem Laufenden. Daher k\u00f6nnen wir auf erfolgreiche Implementierungen durch unsere Partner verweisen.<\/p><\/div>\t\t\t\t\t\t\t\t<\/div>\n\t\t\t\t<\/div>\n\t\t\t\t\t<\/div>\n\t\t\t\t<\/div>\n\t\t\t\t<\/div>\n\t\t","protected":false},"excerpt":{"rendered":"<p>W\u00e4rmepumpen Wozu sind W\u00e4rmepumpen gut? W\u00e4rmepumpen werden eingesetzt, um W\u00e4rmeenergie aus einer Umgebung in W\u00e4rmeenergie in einer anderen Umgebung umzuwandeln. [&hellip;]<\/p>\n","protected":false},"author":1,"featured_media":0,"parent":0,"menu_order":0,"comment_status":"closed","ping_status":"closed","template":"","meta":{"site-sidebar-layout":"no-sidebar","site-content-layout":"","ast-site-content-layout":"full-width-container","site-content-style":"default","site-sidebar-style":"default","ast-global-header-display":"","ast-banner-title-visibility":"","ast-main-header-display":"","ast-hfb-above-header-display":"","ast-hfb-below-header-display":"","ast-hfb-mobile-header-display":"","site-post-title":"disabled","ast-breadcrumbs-content":"","ast-featured-img":"disabled","footer-sml-layout":"","theme-transparent-header-meta":"","adv-header-id-meta":"","stick-header-meta":"","header-above-stick-meta":"","header-main-stick-meta":"","header-below-stick-meta":"","astra-migrate-meta-layouts":"default","ast-page-background-enabled":"default","ast-page-background-meta":{"desktop":{"background-color":"var(--ast-global-color-5)","background-image":"","background-repeat":"repeat","background-position":"center center","background-size":"auto","background-attachment":"scroll","background-type":"","background-media":"","overlay-type":"","overlay-color":"","overlay-opacity":"","overlay-gradient":""},"tablet":{"background-color":"","background-image":"","background-repeat":"repeat","background-position":"center center","background-size":"auto","background-attachment":"scroll","background-type":"","background-media":"","overlay-type":"","overlay-color":"","overlay-opacity":"","overlay-gradient":""},"mobile":{"background-color":"","background-image":"","background-repeat":"repeat","background-position":"center center","background-size":"auto","background-attachment":"scroll","background-type":"","background-media":"","overlay-type":"","overlay-color":"","overlay-opacity":"","overlay-gradient":""}},"ast-content-background-meta":{"desktop":{"background-color":"var(--ast-global-color-4)","background-image":"","background-repeat":"repeat","background-position":"center center","background-size":"auto","background-attachment":"scroll","background-type":"","background-media":"","overlay-type":"","overlay-color":"","overlay-opacity":"","overlay-gradient":""},"tablet":{"background-color":"var(--ast-global-color-4)","background-image":"","background-repeat":"repeat","background-position":"center center","background-size":"auto","background-attachment":"scroll","background-type":"","background-media":"","overlay-type":"","overlay-color":"","overlay-opacity":"","overlay-gradient":""},"mobile":{"background-color":"var(--ast-global-color-4)","background-image":"","background-repeat":"repeat","background-position":"center center","background-size":"auto","background-attachment":"scroll","background-type":"","background-media":"","overlay-type":"","overlay-color":"","overlay-opacity":"","overlay-gradient":""}},"footnotes":""},"class_list":["post-98","page","type-page","status-publish","hentry"],"_links":{"self":[{"href":"https:\/\/www.klvenergy.at\/index.php\/wp-json\/wp\/v2\/pages\/98","targetHints":{"allow":["GET"]}}],"collection":[{"href":"https:\/\/www.klvenergy.at\/index.php\/wp-json\/wp\/v2\/pages"}],"about":[{"href":"https:\/\/www.klvenergy.at\/index.php\/wp-json\/wp\/v2\/types\/page"}],"author":[{"embeddable":true,"href":"https:\/\/www.klvenergy.at\/index.php\/wp-json\/wp\/v2\/users\/1"}],"replies":[{"embeddable":true,"href":"https:\/\/www.klvenergy.at\/index.php\/wp-json\/wp\/v2\/comments?post=98"}],"version-history":[{"count":4,"href":"https:\/\/www.klvenergy.at\/index.php\/wp-json\/wp\/v2\/pages\/98\/revisions"}],"predecessor-version":[{"id":104,"href":"https:\/\/www.klvenergy.at\/index.php\/wp-json\/wp\/v2\/pages\/98\/revisions\/104"}],"wp:attachment":[{"href":"https:\/\/www.klvenergy.at\/index.php\/wp-json\/wp\/v2\/media?parent=98"}],"curies":[{"name":"wp","href":"https:\/\/api.w.org\/{rel}","templated":true}]}}